{"id":21317,"date":"2018-05-02T15:25:48","date_gmt":"2018-05-02T13:25:48","guid":{"rendered":"https:\/\/foto-shooting.ch\/blog\/?page_id=21317"},"modified":"2018-05-02T15:25:48","modified_gmt":"2018-05-02T13:25:48","slug":"impressum","status":"publish","type":"page","link":"https:\/\/foto-shooting.ch\/blog\/impressum\/","title":{"rendered":"Impressum"},"content":{"rendered":"<p><strong>Kontaktadresse<\/strong><br \/>\nFotoshooting by Peter Sturn<br \/>\nThalerstrasse 5<br \/>\n9422 Staad<br \/>\ninfo@foto-shooting.ch<br \/>\n+41 71\u00a0855 05 06<\/p>\n<p><strong>Handelsregistereintrag<\/strong><br \/>\nFotoshooting by Peter Sturn<br \/>\nFirmennummer:CHE-114.154.727<\/p>\n<p><strong>Haftungsausschluss<\/strong><br \/>\nDer Autor \u00fcbernimmt keinerlei Gew\u00e4hr hinsichtlich der inhaltlichen Richtigkeit, Genauigkeit, Aktualit\u00e4t, Zuverl\u00e4ssigkeit und Vollst\u00e4ndigkeit der Informationen.<br \/>\nHaftungsanspr\u00fcche gegen den Autor wegen Sch\u00e4den materieller oder immaterieller Art, welche aus dem Zugriff oder der Nutzung bzw. Nichtnutzung der ver\u00f6ffentlichten Informationen, durch Missbrauch der Verbindung oder durch technische St\u00f6rungen entstanden sind, werden ausgeschlossen.<br \/>\nAlle Angebote sind unverbindlich. Der Fotograf\u00a0beh\u00e4lt es sich ausdr\u00fccklich vor, Teile der Seiten oder das gesamte Angebot ohne gesonderte Ank\u00fcndigung zu ver\u00e4ndern, zu erg\u00e4nzen, zu l\u00f6schen oder die Ver\u00f6ffentlichung zeitweise oder endg\u00fcltig einzustellen.<\/p>\n<p><strong>Haftung f\u00fcr Links<\/strong><br \/>\nVerweise und Links auf Webseiten Dritter liegen ausserhalb unseres Verantwortungsbereichs Es wird jegliche Verantwortung f\u00fcr solche Webseiten abgelehnt. Der Zugriff und die Nutzung solcher Webseiten erfolgen auf eigene Gefahr des Nutzers oder der Nutzerin.<\/p>\n<p><strong>Urheberrechte<br \/>\n<\/strong>Die Urheber- und alle anderen Rechte an Inhalten, Bildern, Fotos oder anderen Dateien auf der Website geh\u00f6ren ausschliesslich Fotoshooting by Peter Sturn\u00a0oder den speziell genannten Rechtsinhabern. F\u00fcr die Reproduktion jeglicher Elemente ist die schriftliche Zustimmung der Urheberrechtstr\u00e4ger im Voraus einzuholen.<\/p>\n","protected":false},"excerpt":{"rendered":"<p>Kontaktadresse Fotoshooting by Peter Sturn Thalerstrasse 5 9422 Staad info@foto-shooting.ch +41 71\u00a0855 05 06 Handelsregistereintrag Fotoshooting by Peter Sturn Firmennummer:CHE-114.154.727 Haftungsausschluss Der Autor \u00fcbernimmt keinerlei Gew\u00e4hr hinsichtlich der inhaltlichen Richtigkeit, Genauigkeit, Aktualit\u00e4t, Zuverl\u00e4ssigkeit und Vollst\u00e4ndigkeit der Informationen. Haftungsanspr\u00fcche gegen den Autor wegen Sch\u00e4den materieller oder immaterieller Art, welche aus dem Zugriff oder der Nutzung bzw. [&hellip;]<\/p>\n","protected":false},"author":13,"featured_media":0,"parent":0,"menu_order":0,"comment_status":"closed","ping_status":"closed","template":"","meta":{"footnotes":""},"class_list":["post-21317","page","type-page","status-publish","hentry"],"yoast_head":"<!-- This site is optimized with the Yoast SEO plugin v27.0 - https:\/\/yoast.com\/product\/yoast-seo-wordpress\/ -->\n<title>Impressum - Blog von Fotoshooting by Fotograf Peter Sturn Z\u00fcrich<\/title>\n<meta name=\"robots\" content=\"index, follow, max-snippet:-1, max-image-preview:large, max-video-preview:-1\" \/>\n<link rel=\"canonical\" href=\"https:\/\/foto-shooting.ch\/blog\/impressum\/\" \/>\n<meta property=\"og:locale\" content=\"de_DE\" \/>\n<meta property=\"og:type\" content=\"article\" \/>\n<meta property=\"og:title\" content=\"Impressum - Blog von Fotoshooting by Fotograf Peter Sturn Z\u00fcrich\" \/>\n<meta property=\"og:description\" content=\"Kontaktadresse Fotoshooting by Peter Sturn Thalerstrasse 5 9422 Staad info@foto-shooting.ch +41 71\u00a0855 05 06 Handelsregistereintrag Fotoshooting by Peter Sturn Firmennummer:CHE-114.154.727 Haftungsausschluss Der Autor \u00fcbernimmt keinerlei Gew\u00e4hr hinsichtlich der inhaltlichen Richtigkeit, Genauigkeit, Aktualit\u00e4t, Zuverl\u00e4ssigkeit und Vollst\u00e4ndigkeit der Informationen. Haftungsanspr\u00fcche gegen den Autor wegen Sch\u00e4den materieller oder immaterieller Art, welche aus dem Zugriff oder der Nutzung bzw. [&hellip;]\" \/>\n<meta property=\"og:url\" content=\"https:\/\/foto-shooting.ch\/blog\/impressum\/\" \/>\n<meta property=\"og:site_name\" content=\"Blog von Fotoshooting by Fotograf Peter Sturn Z\u00fcrich\" \/>\n<meta property=\"article:publisher\" content=\"https:\/\/www.facebook.com\/fotoshooting.ch\" \/>\n<meta name=\"twitter:card\" content=\"summary_large_image\" \/>\n<meta name=\"twitter:label1\" content=\"Gesch\u00e4tzte Lesezeit\" \/>\n\t<meta name=\"twitter:data1\" content=\"1\u00a0Minute\" \/>\n<script type=\"application\/ld+json\" class=\"yoast-schema-graph\">{\"@context\":\"https:\/\/schema.org\",\"@graph\":[{\"@type\":\"WebPage\",\"@id\":\"https:\/\/foto-shooting.ch\/blog\/impressum\/\",\"url\":\"https:\/\/foto-shooting.ch\/blog\/impressum\/\",\"name\":\"Impressum - Blog von Fotoshooting by Fotograf Peter Sturn Z\u00fcrich\",\"isPartOf\":{\"@id\":\"https:\/\/foto-shooting.ch\/blog\/#website\"},\"datePublished\":\"2018-05-02T13:25:48+00:00\",\"inLanguage\":\"de\",\"potentialAction\":[{\"@type\":\"ReadAction\",\"target\":[\"https:\/\/foto-shooting.ch\/blog\/impressum\/\"]}]},{\"@type\":\"WebSite\",\"@id\":\"https:\/\/foto-shooting.ch\/blog\/#website\",\"url\":\"https:\/\/foto-shooting.ch\/blog\/\",\"name\":\"Blog von Fotoshooting by Fotograf Peter Sturn Z\u00fcrich\",\"description\":\"Fotoshooting mit Fotograf Peter Sturn. Professionelle Fotografie f\u00fcr die Schweiz\",\"publisher\":{\"@id\":\"https:\/\/foto-shooting.ch\/blog\/#organization\"},\"potentialAction\":[{\"@type\":\"SearchAction\",\"target\":{\"@type\":\"EntryPoint\",\"urlTemplate\":\"https:\/\/foto-shooting.ch\/blog\/?s={search_term_string}\"},\"query-input\":{\"@type\":\"PropertyValueSpecification\",\"valueRequired\":true,\"valueName\":\"search_term_string\"}}],\"inLanguage\":\"de\"},{\"@type\":\"Organization\",\"@id\":\"https:\/\/foto-shooting.ch\/blog\/#organization\",\"name\":\"Fotostudio Fotoshooting by Fotograf Peter Sturn\",\"url\":\"https:\/\/foto-shooting.ch\/blog\/\",\"logo\":{\"@type\":\"ImageObject\",\"inLanguage\":\"de\",\"@id\":\"https:\/\/foto-shooting.ch\/blog\/#\/schema\/logo\/image\/\",\"url\":\"https:\/\/foto-shooting.ch\/blog\/wp-content\/uploads\/2021\/11\/logo_fotoshooting_fin-1.jpg\",\"contentUrl\":\"https:\/\/foto-shooting.ch\/blog\/wp-content\/uploads\/2021\/11\/logo_fotoshooting_fin-1.jpg\",\"width\":1443,\"height\":296,\"caption\":\"Fotostudio Fotoshooting by Fotograf Peter Sturn\"},\"image\":{\"@id\":\"https:\/\/foto-shooting.ch\/blog\/#\/schema\/logo\/image\/\"},\"sameAs\":[\"https:\/\/www.facebook.com\/fotoshooting.ch\"]}]}<\/script>\n<!-- \/ Yoast SEO plugin. -->","yoast_head_json":{"title":"Impressum - Blog von Fotoshooting by Fotograf Peter Sturn Z\u00fcrich","robots":{"index":"index","follow":"follow","max-snippet":"max-snippet:-1","max-image-preview":"max-image-preview:large","max-video-preview":"max-video-preview:-1"},"canonical":"https:\/\/foto-shooting.ch\/blog\/impressum\/","og_locale":"de_DE","og_type":"article","og_title":"Impressum - Blog von Fotoshooting by Fotograf Peter Sturn Z\u00fcrich","og_description":"Kontaktadresse Fotoshooting by Peter Sturn Thalerstrasse 5 9422 Staad info@foto-shooting.ch +41 71\u00a0855 05 06 Handelsregistereintrag Fotoshooting by Peter Sturn Firmennummer:CHE-114.154.727 Haftungsausschluss Der Autor \u00fcbernimmt keinerlei Gew\u00e4hr hinsichtlich der inhaltlichen Richtigkeit, Genauigkeit, Aktualit\u00e4t, Zuverl\u00e4ssigkeit und Vollst\u00e4ndigkeit der Informationen. Haftungsanspr\u00fcche gegen den Autor wegen Sch\u00e4den materieller oder immaterieller Art, welche aus dem Zugriff oder der Nutzung bzw. [&hellip;]","og_url":"https:\/\/foto-shooting.ch\/blog\/impressum\/","og_site_name":"Blog von Fotoshooting by Fotograf Peter Sturn Z\u00fcrich","article_publisher":"https:\/\/www.facebook.com\/fotoshooting.ch","twitter_card":"summary_large_image","twitter_misc":{"Gesch\u00e4tzte Lesezeit":"1\u00a0Minute"},"schema":{"@context":"https:\/\/schema.org","@graph":[{"@type":"WebPage","@id":"https:\/\/foto-shooting.ch\/blog\/impressum\/","url":"https:\/\/foto-shooting.ch\/blog\/impressum\/","name":"Impressum - Blog von Fotoshooting by Fotograf Peter Sturn Z\u00fcrich","isPartOf":{"@id":"https:\/\/foto-shooting.ch\/blog\/#website"},"datePublished":"2018-05-02T13:25:48+00:00","inLanguage":"de","potentialAction":[{"@type":"ReadAction","target":["https:\/\/foto-shooting.ch\/blog\/impressum\/"]}]},{"@type":"WebSite","@id":"https:\/\/foto-shooting.ch\/blog\/#website","url":"https:\/\/foto-shooting.ch\/blog\/","name":"Blog von Fotoshooting by Fotograf Peter Sturn Z\u00fcrich","description":"Fotoshooting mit Fotograf Peter Sturn. Professionelle Fotografie f\u00fcr die Schweiz","publisher":{"@id":"https:\/\/foto-shooting.ch\/blog\/#organization"},"potentialAction":[{"@type":"SearchAction","target":{"@type":"EntryPoint","urlTemplate":"https:\/\/foto-shooting.ch\/blog\/?s={search_term_string}"},"query-input":{"@type":"PropertyValueSpecification","valueRequired":true,"valueName":"search_term_string"}}],"inLanguage":"de"},{"@type":"Organization","@id":"https:\/\/foto-shooting.ch\/blog\/#organization","name":"Fotostudio Fotoshooting by Fotograf Peter Sturn","url":"https:\/\/foto-shooting.ch\/blog\/","logo":{"@type":"ImageObject","inLanguage":"de","@id":"https:\/\/foto-shooting.ch\/blog\/#\/schema\/logo\/image\/","url":"https:\/\/foto-shooting.ch\/blog\/wp-content\/uploads\/2021\/11\/logo_fotoshooting_fin-1.jpg","contentUrl":"https:\/\/foto-shooting.ch\/blog\/wp-content\/uploads\/2021\/11\/logo_fotoshooting_fin-1.jpg","width":1443,"height":296,"caption":"Fotostudio Fotoshooting by Fotograf Peter Sturn"},"image":{"@id":"https:\/\/foto-shooting.ch\/blog\/#\/schema\/logo\/image\/"},"sameAs":["https:\/\/www.facebook.com\/fotoshooting.ch"]}]}},"_links":{"self":[{"href":"https:\/\/foto-shooting.ch\/blog\/wp-json\/wp\/v2\/pages\/21317","targetHints":{"allow":["GET"]}}],"collection":[{"href":"https:\/\/foto-shooting.ch\/blog\/wp-json\/wp\/v2\/pages"}],"about":[{"href":"https:\/\/foto-shooting.ch\/blog\/wp-json\/wp\/v2\/types\/page"}],"author":[{"embeddable":true,"href":"https:\/\/foto-shooting.ch\/blog\/wp-json\/wp\/v2\/users\/13"}],"replies":[{"embeddable":true,"href":"https:\/\/foto-shooting.ch\/blog\/wp-json\/wp\/v2\/comments?post=21317"}],"version-history":[{"count":0,"href":"https:\/\/foto-shooting.ch\/blog\/wp-json\/wp\/v2\/pages\/21317\/revisions"}],"wp:attachment":[{"href":"https:\/\/foto-shooting.ch\/blog\/wp-json\/wp\/v2\/media?parent=21317"}],"curies":[{"name":"wp","href":"https:\/\/api.w.org\/{rel}","templated":true}]}}